{"id":2531,"date":"2026-04-06T03:34:23","date_gmt":"2026-04-06T03:34:23","guid":{"rendered":"https:\/\/artisanary.shop\/?post_type=product&#038;p=2531"},"modified":"2026-04-06T03:41:56","modified_gmt":"2026-04-06T03:41:56","slug":"tarro-chuches-surtidas-50-referencias-3-kg","status":"publish","type":"product","link":"https:\/\/artisanary.shop\/es\/producto\/tarro-chuches-surtidas-50-referencias-3-kg\/","title":{"rendered":"Tarro chuches surtidas + 50 referencias 3 kg"},"content":{"rendered":"<div data-elementor-type=\"product-post\" data-elementor-id=\"2531\" class=\"elementor elementor-2531\" data-elementor-post-type=\"product\">\n\t\t\t\t<div class=\"elementor-element elementor-element-65d293e9 e-flex e-con-boxed e-con e-parent\" data-id=\"65d293e9\" data-element_type=\"container\" data-settings=\"{&quot;ekit_has_onepagescroll_dot&quot;:&quot;yes&quot;}\">\n\t\t\t\t\t<div class=\"e-con-inner\">\n\t\t\t\t<div class=\"elementor-element elementor-element-74279fa4 elementor-widget elementor-widget-heading\" data-id=\"74279fa4\" data-element_type=\"widget\" data-settings=\"{&quot;ekit_we_effect_on&quot;:&quot;none&quot;}\" data-widget_type=\"heading.default\">\n\t\t\t\t<div class=\"elementor-widget-container\">\n\t\t\t\t\t<h2 class=\"elementor-heading-title elementor-size-default\">Disfruta de una explosi\u00f3n de sabores - 3 kg de gomitas surtidas<\/h2>\t\t\t\t<\/div>\n\t\t\t\t<\/div>\n\t\t\t\t<div class=\"elementor-element elementor-element-5bc34b7 elementor-position-left elementor-vertical-align-middle elementor-widget elementor-widget-image-box\" data-id=\"5bc34b7\" data-element_type=\"widget\" data-settings=\"{&quot;ekit_we_effect_on&quot;:&quot;none&quot;}\" data-widget_type=\"image-box.default\">\n\t\t\t\t<div class=\"elementor-widget-container\">\n\t\t\t\t\t<div class=\"elementor-image-box-wrapper\"><figure class=\"elementor-image-box-img\"><img fetchpriority=\"high\" decoding=\"async\" width=\"1500\" height=\"1500\" src=\"https:\/\/artisanary.shop\/wp-content\/uploads\/2026\/04\/81OEtETYZiL._SL1500_.jpg\" class=\"attachment-full size-full wp-image-2539 wvs-archive-product-image\" alt=\"\" srcset=\"https:\/\/artisanary.shop\/wp-content\/uploads\/2026\/04\/81OEtETYZiL._SL1500_.jpg 1500w, https:\/\/artisanary.shop\/wp-content\/uploads\/2026\/04\/81OEtETYZiL._SL1500_-300x300.jpg 300w, https:\/\/artisanary.shop\/wp-content\/uploads\/2026\/04\/81OEtETYZiL._SL1500_-1024x1024.jpg 1024w, https:\/\/artisanary.shop\/wp-content\/uploads\/2026\/04\/81OEtETYZiL._SL1500_-150x150.jpg 150w, https:\/\/artisanary.shop\/wp-content\/uploads\/2026\/04\/81OEtETYZiL._SL1500_-768x768.jpg 768w, https:\/\/artisanary.shop\/wp-content\/uploads\/2026\/04\/81OEtETYZiL._SL1500_-12x12.jpg 12w, https:\/\/artisanary.shop\/wp-content\/uploads\/2026\/04\/81OEtETYZiL._SL1500_-110x110.jpg 110w, https:\/\/artisanary.shop\/wp-content\/uploads\/2026\/04\/81OEtETYZiL._SL1500_-60x60.jpg 60w, https:\/\/artisanary.shop\/wp-content\/uploads\/2026\/04\/81OEtETYZiL._SL1500_-600x600.jpg 600w, https:\/\/artisanary.shop\/wp-content\/uploads\/2026\/04\/81OEtETYZiL._SL1500_-100x100.jpg 100w, https:\/\/artisanary.shop\/wp-content\/uploads\/2026\/04\/81OEtETYZiL._SL1500_-50x50.jpg 50w\" sizes=\"(max-width: 1500px) 100vw, 1500px\" \/><\/figure><div class=\"elementor-image-box-content\"><h3 class=\"elementor-image-box-title\">Variedad de sabores en un solo paquete<\/h3><p class=\"elementor-image-box-description\">Con nuestras gomitas surtidas de 3 kg, tendr\u00e1s una combinaci\u00f3n perfecta de sabores frutales: fresa, naranja, lim\u00f3n, uva, manzana y m\u00e1s. Cada pieza ofrece una experiencia dulce y refrescante que encanta tanto a ni\u00f1os como a adultos.\n<\/p><\/div><\/div>\t\t\t\t<\/div>\n\t\t\t\t<\/div>\n\t\t\t\t<div class=\"elementor-element elementor-element-5a65003f elementor-position-right elementor-vertical-align-middle elementor-widget elementor-widget-image-box\" data-id=\"5a65003f\" data-element_type=\"widget\" data-settings=\"{&quot;ekit_we_effect_on&quot;:&quot;none&quot;}\" data-widget_type=\"image-box.default\">\n\t\t\t\t<div class=\"elementor-widget-container\">\n\t\t\t\t\t<div class=\"elementor-image-box-wrapper\"><figure class=\"elementor-image-box-img\"><img decoding=\"async\" width=\"1000\" height=\"1000\" src=\"https:\/\/artisanary.shop\/wp-content\/uploads\/2026\/04\/4-7.webp\" class=\"attachment-full size-full wp-image-2540 wvs-archive-product-image\" alt=\"\" srcset=\"https:\/\/artisanary.shop\/wp-content\/uploads\/2026\/04\/4-7.webp 1000w, https:\/\/artisanary.shop\/wp-content\/uploads\/2026\/04\/4-7-300x300.webp 300w, https:\/\/artisanary.shop\/wp-content\/uploads\/2026\/04\/4-7-150x150.webp 150w, https:\/\/artisanary.shop\/wp-content\/uploads\/2026\/04\/4-7-768x768.webp 768w, https:\/\/artisanary.shop\/wp-content\/uploads\/2026\/04\/4-7-12x12.webp 12w, https:\/\/artisanary.shop\/wp-content\/uploads\/2026\/04\/4-7-110x110.webp 110w, https:\/\/artisanary.shop\/wp-content\/uploads\/2026\/04\/4-7-60x60.webp 60w, https:\/\/artisanary.shop\/wp-content\/uploads\/2026\/04\/4-7-600x600.webp 600w, https:\/\/artisanary.shop\/wp-content\/uploads\/2026\/04\/4-7-100x100.webp 100w, https:\/\/artisanary.shop\/wp-content\/uploads\/2026\/04\/4-7-50x50.webp 50w\" sizes=\"(max-width: 1000px) 100vw, 1000px\" \/><\/figure><div class=\"elementor-image-box-content\"><h3 class=\"elementor-image-box-title\">Colores llamativos y formas divertidas<\/h3><p class=\"elementor-image-box-description\">Cada gomita tiene un color vibrante y formas divertidas que despiertan la curiosidad y el apetito. Son ideales para decorar mesas de postres, pasteles o simplemente para alegrar el d\u00eda.Ya sea para disfrutar solas, compartir con amigos, usar en reposter\u00eda o como surtido en tu tienda, nuestras gomitas de 3 kg se adaptan a todo. Un producto pensado para quienes buscan calidad y cantidad.<\/p><\/div><\/div>\t\t\t\t<\/div>\n\t\t\t\t<\/div>\n\t\t\t\t<div class=\"elementor-element elementor-element-62e1f7f0 elementor-position-left elementor-vertical-align-middle elementor-widget elementor-widget-image-box\" data-id=\"62e1f7f0\" data-element_type=\"widget\" data-settings=\"{&quot;ekit_we_effect_on&quot;:&quot;none&quot;}\" data-widget_type=\"image-box.default\">\n\t\t\t\t<div class=\"elementor-widget-container\">\n\t\t\t\t\t<div class=\"elementor-image-box-wrapper\"><figure class=\"elementor-image-box-img\"><img decoding=\"async\" width=\"1500\" height=\"1500\" src=\"https:\/\/artisanary.shop\/wp-content\/uploads\/2026\/04\/81ngzVJfYLL._SL1500_.jpg\" class=\"attachment-full size-full wp-image-2541 wvs-archive-product-image\" alt=\"\" srcset=\"https:\/\/artisanary.shop\/wp-content\/uploads\/2026\/04\/81ngzVJfYLL._SL1500_.jpg 1500w, https:\/\/artisanary.shop\/wp-content\/uploads\/2026\/04\/81ngzVJfYLL._SL1500_-300x300.jpg 300w, https:\/\/artisanary.shop\/wp-content\/uploads\/2026\/04\/81ngzVJfYLL._SL1500_-1024x1024.jpg 1024w, https:\/\/artisanary.shop\/wp-content\/uploads\/2026\/04\/81ngzVJfYLL._SL1500_-150x150.jpg 150w, https:\/\/artisanary.shop\/wp-content\/uploads\/2026\/04\/81ngzVJfYLL._SL1500_-768x768.jpg 768w, https:\/\/artisanary.shop\/wp-content\/uploads\/2026\/04\/81ngzVJfYLL._SL1500_-12x12.jpg 12w, https:\/\/artisanary.shop\/wp-content\/uploads\/2026\/04\/81ngzVJfYLL._SL1500_-110x110.jpg 110w, https:\/\/artisanary.shop\/wp-content\/uploads\/2026\/04\/81ngzVJfYLL._SL1500_-60x60.jpg 60w, https:\/\/artisanary.shop\/wp-content\/uploads\/2026\/04\/81ngzVJfYLL._SL1500_-600x600.jpg 600w, https:\/\/artisanary.shop\/wp-content\/uploads\/2026\/04\/81ngzVJfYLL._SL1500_-100x100.jpg 100w, https:\/\/artisanary.shop\/wp-content\/uploads\/2026\/04\/81ngzVJfYLL._SL1500_-50x50.jpg 50w\" sizes=\"(max-width: 1500px) 100vw, 1500px\" \/><\/figure><div class=\"elementor-image-box-content\"><h3 class=\"elementor-image-box-title\">Textura suave y masticable<\/h3><p class=\"elementor-image-box-description\">Nuestras gomitas tienen la textura ideal: firmes por fuera, suaves por dentro, con un masticado agradable que no es duro ni pegajoso. Perfectas para disfrutar en cualquier momento del d\u00eda.Fabricadas con ingredientes cuidadosamente seleccionados, nuestras gomitas son libres de grasas trans y conservantes artificiales. Un dulce que puedes disfrutar con tranquilidad.<\/p><\/div><\/div>\t\t\t\t<\/div>\n\t\t\t\t<\/div>\n\t\t\t\t\t<\/div>\n\t\t\t\t<\/div>\n\t\t<div class=\"elementor-element elementor-element-36b8d1de e-flex e-con-boxed e-con e-parent\" data-id=\"36b8d1de\" data-element_type=\"container\" data-settings=\"{&quot;ekit_has_onepagescroll_dot&quot;:&quot;yes&quot;}\">\n\t\t\t\t\t<div class=\"e-con-inner\">\n\t\t\t\t<div class=\"elementor-element elementor-element-32d55f12 elementor-widget elementor-widget-image\" data-id=\"32d55f12\" data-element_type=\"widget\" data-settings=\"{&quot;ekit_we_effect_on&quot;:&quot;none&quot;}\" data-widget_type=\"image.default\">\n\t\t\t\t<div class=\"elementor-widget-container\">\n\t\t\t\t\t\t\t\t\t\t\t\t\t\t\t<img loading=\"lazy\" decoding=\"async\" width=\"1500\" height=\"1500\" src=\"https:\/\/artisanary.shop\/wp-content\/uploads\/2026\/04\/81FFJ1iungL._SL1500_-1.jpg\" class=\"attachment-full size-full wp-image-2542 wvs-archive-product-image\" alt=\"\" srcset=\"https:\/\/artisanary.shop\/wp-content\/uploads\/2026\/04\/81FFJ1iungL._SL1500_-1.jpg 1500w, https:\/\/artisanary.shop\/wp-content\/uploads\/2026\/04\/81FFJ1iungL._SL1500_-1-300x300.jpg 300w, https:\/\/artisanary.shop\/wp-content\/uploads\/2026\/04\/81FFJ1iungL._SL1500_-1-1024x1024.jpg 1024w, https:\/\/artisanary.shop\/wp-content\/uploads\/2026\/04\/81FFJ1iungL._SL1500_-1-150x150.jpg 150w, https:\/\/artisanary.shop\/wp-content\/uploads\/2026\/04\/81FFJ1iungL._SL1500_-1-768x768.jpg 768w, https:\/\/artisanary.shop\/wp-content\/uploads\/2026\/04\/81FFJ1iungL._SL1500_-1-12x12.jpg 12w, https:\/\/artisanary.shop\/wp-content\/uploads\/2026\/04\/81FFJ1iungL._SL1500_-1-110x110.jpg 110w, https:\/\/artisanary.shop\/wp-content\/uploads\/2026\/04\/81FFJ1iungL._SL1500_-1-60x60.jpg 60w, https:\/\/artisanary.shop\/wp-content\/uploads\/2026\/04\/81FFJ1iungL._SL1500_-1-600x600.jpg 600w, https:\/\/artisanary.shop\/wp-content\/uploads\/2026\/04\/81FFJ1iungL._SL1500_-1-100x100.jpg 100w, https:\/\/artisanary.shop\/wp-content\/uploads\/2026\/04\/81FFJ1iungL._SL1500_-1-50x50.jpg 50w\" sizes=\"(max-width: 1500px) 100vw, 1500px\" \/>\t\t\t\t\t\t\t\t\t\t\t\t\t\t\t<\/div>\n\t\t\t\t<\/div>\n\t\t\t\t<div class=\"elementor-element elementor-element-564c3b72 elementor-widget elementor-widget-image\" data-id=\"564c3b72\" data-element_type=\"widget\" data-settings=\"{&quot;ekit_we_effect_on&quot;:&quot;none&quot;}\" data-widget_type=\"image.default\">\n\t\t\t\t<div class=\"elementor-widget-container\">\n\t\t\t\t\t\t\t\t\t\t\t\t\t\t\t<img loading=\"lazy\" decoding=\"async\" width=\"1500\" height=\"1500\" src=\"https:\/\/artisanary.shop\/wp-content\/uploads\/2026\/04\/71dCHAvpR9L._SL1500_-1.jpg\" class=\"attachment-full size-full wp-image-2543 wvs-archive-product-image\" alt=\"\" srcset=\"https:\/\/artisanary.shop\/wp-content\/uploads\/2026\/04\/71dCHAvpR9L._SL1500_-1.jpg 1500w, https:\/\/artisanary.shop\/wp-content\/uploads\/2026\/04\/71dCHAvpR9L._SL1500_-1-300x300.jpg 300w, https:\/\/artisanary.shop\/wp-content\/uploads\/2026\/04\/71dCHAvpR9L._SL1500_-1-1024x1024.jpg 1024w, https:\/\/artisanary.shop\/wp-content\/uploads\/2026\/04\/71dCHAvpR9L._SL1500_-1-150x150.jpg 150w, https:\/\/artisanary.shop\/wp-content\/uploads\/2026\/04\/71dCHAvpR9L._SL1500_-1-768x768.jpg 768w, https:\/\/artisanary.shop\/wp-content\/uploads\/2026\/04\/71dCHAvpR9L._SL1500_-1-12x12.jpg 12w, https:\/\/artisanary.shop\/wp-content\/uploads\/2026\/04\/71dCHAvpR9L._SL1500_-1-110x110.jpg 110w, https:\/\/artisanary.shop\/wp-content\/uploads\/2026\/04\/71dCHAvpR9L._SL1500_-1-60x60.jpg 60w, https:\/\/artisanary.shop\/wp-content\/uploads\/2026\/04\/71dCHAvpR9L._SL1500_-1-600x600.jpg 600w, https:\/\/artisanary.shop\/wp-content\/uploads\/2026\/04\/71dCHAvpR9L._SL1500_-1-100x100.jpg 100w, https:\/\/artisanary.shop\/wp-content\/uploads\/2026\/04\/71dCHAvpR9L._SL1500_-1-50x50.jpg 50w\" sizes=\"(max-width: 1500px) 100vw, 1500px\" \/>\t\t\t\t\t\t\t\t\t\t\t\t\t\t\t<\/div>\n\t\t\t\t<\/div>\n\t\t\t\t<div class=\"elementor-element elementor-element-125272c3 elementor-widget elementor-widget-image\" data-id=\"125272c3\" data-element_type=\"widget\" data-settings=\"{&quot;ekit_we_effect_on&quot;:&quot;none&quot;}\" data-widget_type=\"image.default\">\n\t\t\t\t<div class=\"elementor-widget-container\">\n\t\t\t\t\t\t\t\t\t\t\t\t\t\t\t<img loading=\"lazy\" decoding=\"async\" width=\"416\" height=\"416\" src=\"https:\/\/artisanary.shop\/wp-content\/uploads\/2026\/04\/5-7.webp\" class=\"attachment-full size-full wp-image-2544 wvs-archive-product-image\" alt=\"\" srcset=\"https:\/\/artisanary.shop\/wp-content\/uploads\/2026\/04\/5-7.webp 416w, https:\/\/artisanary.shop\/wp-content\/uploads\/2026\/04\/5-7-300x300.webp 300w, https:\/\/artisanary.shop\/wp-content\/uploads\/2026\/04\/5-7-150x150.webp 150w, https:\/\/artisanary.shop\/wp-content\/uploads\/2026\/04\/5-7-12x12.webp 12w, https:\/\/artisanary.shop\/wp-content\/uploads\/2026\/04\/5-7-110x110.webp 110w, https:\/\/artisanary.shop\/wp-content\/uploads\/2026\/04\/5-7-60x60.webp 60w, https:\/\/artisanary.shop\/wp-content\/uploads\/2026\/04\/5-7-100x100.webp 100w, https:\/\/artisanary.shop\/wp-content\/uploads\/2026\/04\/5-7-50x50.webp 50w\" sizes=\"(max-width: 416px) 100vw, 416px\" \/>\t\t\t\t\t\t\t\t\t\t\t\t\t\t\t<\/div>\n\t\t\t\t<\/div>\n\t\t\t\t<div class=\"elementor-element elementor-element-6f01c37f elementor-widget elementor-widget-image\" data-id=\"6f01c37f\" data-element_type=\"widget\" data-settings=\"{&quot;ekit_we_effect_on&quot;:&quot;none&quot;}\" data-widget_type=\"image.default\">\n\t\t\t\t<div class=\"elementor-widget-container\">\n\t\t\t\t\t\t\t\t\t\t\t\t\t\t\t<img loading=\"lazy\" decoding=\"async\" width=\"1500\" height=\"1500\" src=\"https:\/\/artisanary.shop\/wp-content\/uploads\/2026\/04\/81pA3m5GkjL._SL1500_.jpg\" class=\"attachment-full size-full wp-image-2545 wvs-archive-product-image\" alt=\"\" srcset=\"https:\/\/artisanary.shop\/wp-content\/uploads\/2026\/04\/81pA3m5GkjL._SL1500_.jpg 1500w, https:\/\/artisanary.shop\/wp-content\/uploads\/2026\/04\/81pA3m5GkjL._SL1500_-300x300.jpg 300w, https:\/\/artisanary.shop\/wp-content\/uploads\/2026\/04\/81pA3m5GkjL._SL1500_-1024x1024.jpg 1024w, https:\/\/artisanary.shop\/wp-content\/uploads\/2026\/04\/81pA3m5GkjL._SL1500_-150x150.jpg 150w, https:\/\/artisanary.shop\/wp-content\/uploads\/2026\/04\/81pA3m5GkjL._SL1500_-768x768.jpg 768w, https:\/\/artisanary.shop\/wp-content\/uploads\/2026\/04\/81pA3m5GkjL._SL1500_-12x12.jpg 12w, https:\/\/artisanary.shop\/wp-content\/uploads\/2026\/04\/81pA3m5GkjL._SL1500_-110x110.jpg 110w, https:\/\/artisanary.shop\/wp-content\/uploads\/2026\/04\/81pA3m5GkjL._SL1500_-60x60.jpg 60w, https:\/\/artisanary.shop\/wp-content\/uploads\/2026\/04\/81pA3m5GkjL._SL1500_-600x600.jpg 600w, https:\/\/artisanary.shop\/wp-content\/uploads\/2026\/04\/81pA3m5GkjL._SL1500_-100x100.jpg 100w, https:\/\/artisanary.shop\/wp-content\/uploads\/2026\/04\/81pA3m5GkjL._SL1500_-50x50.jpg 50w\" sizes=\"(max-width: 1500px) 100vw, 1500px\" \/>\t\t\t\t\t\t\t\t\t\t\t\t\t\t\t<\/div>\n\t\t\t\t<\/div>\n\t\t\t\t\t<\/div>\n\t\t\t\t<\/div>\n\t\t<div class=\"elementor-element elementor-element-3877e786 e-flex e-con-boxed e-con e-parent\" data-id=\"3877e786\" data-element_type=\"container\" data-settings=\"{&quot;ekit_has_onepagescroll_dot&quot;:&quot;yes&quot;}\">\n\t\t\t\t\t<div class=\"e-con-inner\">\n\t\t\t\t<div class=\"elementor-element elementor-element-434109d1 elementor-widget elementor-widget-text-editor\" data-id=\"434109d1\" data-element_type=\"widget\" data-settings=\"{&quot;ekit_we_effect_on&quot;:&quot;none&quot;}\" data-widget_type=\"text-editor.default\">\n\t\t\t\t<div class=\"elementor-widget-container\">\n\t\t\t\t\t\t\t\t\t<div class=\"elementor-widget-container\">\n    # Caracter\u00edsticas y especificaciones\n\n    <div class=\"product-table\">\n        <div class=\"product-row\">\n            <div class=\"product-label\">Ocasi\u00f3n<\/div>\n            <div class=\"product-value\">Cumplea\u00f1os<\/div>\n        <\/div>\n        <div class=\"product-row\">\n            <div class=\"product-label\">Tipo de contenedor<\/div>\n            <div class=\"product-value\">Cubo<\/div>\n        <\/div>\n        <div class=\"product-row\">\n            <div class=\"product-label\">Consistencia del caramelo<\/div>\n            <div class=\"product-value\">Masticable<\/div>\n        <\/div>\n        <div class=\"product-row\">\n            <div class=\"product-label\">Tipo de caramelo<\/div>\n            <div class=\"product-value\">Caramelos blandos<\/div>\n        <\/div>\n        <div class=\"product-row\">\n            <div class=\"product-label\">Rango de edad Descripci\u00f3n<\/div>\n            <div class=\"product-value\">Apto para todas las edades<\/div>\n        <\/div>\n        <div class=\"product-row\">\n            <div class=\"product-label\">Recuento de unidades<\/div>\n            <div class=\"product-value\">3730,0 gramos<\/div>\n        <\/div>\n    <\/div>\n\n    <style>\n    .product-table {\n        width: 100%;\n        border-top: 1px solid #000;\n        font-family: Arial, sans-serif;\n    }\n\n    .product-row {\n        display: flex;\n        border-bottom: 1px solid #000;\n        padding: 12px 0;\n    }\n\n    .product-label {\n        flex: 1;\n        font-weight: bold;\n        min-width: 200px;\n        padding-right: 20px;\n    }\n\n    .product-value {\n        flex: 1;\n        min-width: 200px;\n    }\n    <\/style>\n<\/div>\t\t\t\t\t\t\t\t<\/div>\n\t\t\t\t<\/div>\n\t\t\t\t\t<\/div>\n\t\t\t\t<\/div>\n\t\t\t\t<\/div>","protected":false},"excerpt":{"rendered":"<h3>Descripci\u00f3n del producto<\/h3>\n<p>\u00bfSiempre te ha resultado molesto ofrecer aperitivos en tus fiestas? Abrir tantas bolsas, presentarlo todo de maravilla y al final sobra la mitad y no tienes en qu\u00e9 meter todas las sobras. Pues nada de esto: Der Zuckerb\u00e4cker ha reunido y preparado la mejor mezcla de dulces para tu fiesta - en un cubo.<\/p>\n<p>La colorida mezcla de caramelos se compone de gominolas de frutas dulces y \u00e1cidas, a\u00f1ada unos cuantos malvaviscos blandos y en un abrir y cerrar de ojos tendr\u00e1 una mezcla en la que todo el mundo podr\u00e1 encontrar algo que le guste. Organizar una fiesta en la que todo el mundo est\u00e9 de acuerdo con los aperitivos nunca ha sido tan f\u00e1cil. Basta con volver a cerrar el cubo cuando termine la merienda. As\u00ed los dulces se mantienen frescos m\u00e1s tiempo.<\/p>\n<p>Es estupendo acompa\u00f1ar un partido de f\u00fatbol con los amigos con la comida adecuada para los nervios. Todos sabemos lo angustiosos que pueden llegar a ser los partidos de f\u00fatbol. Todo aficionado al f\u00fatbol necesita el refuerzo adecuado.<\/p>","protected":false},"featured_media":2532,"comment_status":"open","ping_status":"closed","template":"","meta":{"_acf_changed":false},"product_brand":[],"product_cat":[35],"product_tag":[],"class_list":{"0":"post-2531","1":"product","2":"type-product","3":"status-publish","4":"has-post-thumbnail","6":"product_cat-sale","8":"first","9":"instock","10":"sale","11":"shipping-taxable","12":"purchasable","13":"product-type-simple"},"acf":[],"_links":{"self":[{"href":"https:\/\/artisanary.shop\/es\/wp-json\/wp\/v2\/product\/2531","targetHints":{"allow":["GET"]}}],"collection":[{"href":"https:\/\/artisanary.shop\/es\/wp-json\/wp\/v2\/product"}],"about":[{"href":"https:\/\/artisanary.shop\/es\/wp-json\/wp\/v2\/types\/product"}],"replies":[{"embeddable":true,"href":"https:\/\/artisanary.shop\/es\/wp-json\/wp\/v2\/comments?post=2531"}],"version-history":[{"count":4,"href":"https:\/\/artisanary.shop\/es\/wp-json\/wp\/v2\/product\/2531\/revisions"}],"predecessor-version":[{"id":2553,"href":"https:\/\/artisanary.shop\/es\/wp-json\/wp\/v2\/product\/2531\/revisions\/2553"}],"wp:featuredmedia":[{"embeddable":true,"href":"https:\/\/artisanary.shop\/es\/wp-json\/wp\/v2\/media\/2532"}],"wp:attachment":[{"href":"https:\/\/artisanary.shop\/es\/wp-json\/wp\/v2\/media?parent=2531"}],"wp:term":[{"taxonomy":"product_brand","embeddable":true,"href":"https:\/\/artisanary.shop\/es\/wp-json\/wp\/v2\/product_brand?post=2531"},{"taxonomy":"product_cat","embeddable":true,"href":"https:\/\/artisanary.shop\/es\/wp-json\/wp\/v2\/product_cat?post=2531"},{"taxonomy":"product_tag","embeddable":true,"href":"https:\/\/artisanary.shop\/es\/wp-json\/wp\/v2\/product_tag?post=2531"}],"curies":[{"name":"wp","href":"https:\/\/api.w.org\/{rel}","templated":true}]}}